{"id":36,"date":"2024-12-10T17:29:09","date_gmt":"2024-12-10T16:29:09","guid":{"rendered":"http:\/\/levoilx.cluster029.hosting.ovh.net\/?page_id=36"},"modified":"2025-09-07T12:56:12","modified_gmt":"2025-09-07T10:56:12","slug":"presentation","status":"publish","type":"page","link":"https:\/\/lesvoilesducarbet.fr\/","title":{"rendered":""},"content":{"rendered":"\n<p>L&rsquo;Association \u00a0\u00bb LES VOILES DU CARBET \u00a0\u00bb est une organisation non gouvernementale dynamique, progressiste et moderne, \u00e0 but non lucratif, fond\u00e9e en Martinique.<\/p>\n\n\n\n<p class=\"has-text-align-left has-medium-font-size\">Notre association est n\u00e9e d&rsquo;une dynamique communautaire de voisins autour d&rsquo;une passion commune pour la mer, les c\u00f4tes, les plages, o\u00f9 nous vivons essentiellement notre quotidien en Martinique et dans les \u00eeles des tropiques en g\u00e9n\u00e9ral.<\/p>\n\n\n\n<p class=\"has-large-font-size\"><strong>Nos missions : <\/strong><\/p>\n\n\n\n<ul class=\"wp-block-list\">\n<li>Activit\u00e9s ludiques et r\u00e9cr\u00e9atives autour de la voiles avec propri\u00e9taire amateur<\/li>\n\n\n\n<li>Organisation de r\u00e9gates entre club et repas associatif du terroir terre et mer<\/li>\n\n\n\n<li>Mise \u00e0 disposition d\u2019un espace am\u00e9nager pour l\u2019acc\u00e8s \u00e0 la baignade senior et handicap.<\/li>\n\n\n\n<li>La vulgarisation et le d\u00e9veloppement des activit\u00e9s \u00e0 la voile r\u00e9cr\u00e9atives de plage <\/li>\n\n\n\n<li>Rassemblement sociaux culturels autour d\u2019une passion commune laie au bord de mer<\/li>\n\n\n\n<li>Dynamique \u00e9co responsable autour de la mer, le domaine de plaisance a la voile amateur<\/li>\n\n\n\n<li>Echange inter g\u00e9n\u00e9rations<\/li>\n\n\n\n<li>Impulser aux jeunes et au moins jeunes la pratique d\u2019une activit\u00e9 ludique et r\u00e9cr\u00e9ative et<br>sociaux culturelle<\/li>\n<\/ul>\n\n\n\n<h2 class=\"wp-block-heading\"><strong>Qu\u2019avons nous en 2025 :<\/strong><\/h2>\n\n\n\n<ul class=\"wp-block-list\">\n<li>3 Tempest <\/li>\n\n\n\n<li>1  Laser Vago<\/li>\n\n\n\n<li>1  Laser Pico <\/li>\n\n\n\n<li>3 Cano\u00ebs<\/li>\n\n\n\n<li>3 Planches de paddle <\/li>\n\n\n\n<li>1 Tire \u00e0 l&rsquo;eau<\/li>\n<\/ul>\n\n\n\n<h2 class=\"wp-block-heading\"><strong>Comment \u00e7a fonctionne ? <\/strong><\/h2>\n\n\n\n<p>Les Adh\u00e9rents ont la possibilit\u00e9 d&rsquo;utiliser le mat\u00e9riel de l&rsquo;Asso le week-end. Pour cela il faut envoyer un message sur le groupe WhatsApp afin de voir si le mat\u00e9riel est disponible et\/ou si des personnes veulent partager ce moment avec vous. <\/p>\n\n\n\n<h2 class=\"wp-block-heading\"><strong>Comment devenir adh\u00e9rent ?<\/strong> <\/h2>\n\n\n\n<p>Votre adh\u00e9sion sera effective une fois les deux \u00e9tapes suivantes compl\u00e9t\u00e9es :<br>&#8211; <a href=\"https:\/\/docs.google.com\/forms\/d\/e\/1FAIpQLSeEnleO5HUUiDRF1byzDiQpD-K5QcluiqAQfHH5xlLMGsYDCg\/viewform\">Le formulaire <\/a>doit \u00eatre d\u00fbment rempli.<br>&#8211; Le paiement de votre cotisation doit \u00eatre effectu\u00e9 par virement bancaire sur le compte de l&rsquo;association.<\/p>\n\n\n\n<p><strong>Montants des cotisations :<\/strong><br>&#8211; Adulte : 40\u20ac<br>&#8211; Jeune (-18 ans) : 20\u20ac<\/p>\n\n\n\n<p class=\"has-text-align-left has-large-font-size\"><strong>Nos coordonn\u00e9es : <\/strong><\/p>\n\n\n\n<div class=\"wp-block-group\"><div class=\"wp-block-group__inner-container is-layout-constrained wp-block-group-is-layout-constrained\">\n<div class=\"wp-block-group is-vertical is-layout-flex wp-container-core-group-is-layout-8cf370e7 wp-block-group-is-layout-flex\">\n<p>\ud83d\udccdAdresse <a href=\"https:\/\/www.google.com\/maps\/place\/\/data=!4m2!3m1!1s0x8c6aaf5060191191:0xbd435390309751ff?sa=X&amp;ved=1t:8290&amp;ictx=111\">Plage Du Coin, Le Carbet 97221, Martinique<\/a><\/p>\n\n\n\n<p>\ud83d\udcf1Instagram <a href=\"https:\/\/www.instagram.com\/les.voiles.du.carbet?utm_source=qr&amp;igsh=MWw5ejc3eHc4YTcydw==\" data-type=\"link\" data-id=\"https:\/\/www.instagram.com\/les.voiles.du.carbet?utm_source=qr&amp;igsh=MWw5ejc3eHc4YTcydw==\">Les.voiles.du.Carbet<\/a><\/p>\n<\/div>\n<\/div><\/div>\n\n\n\n<p><\/p>\n","protected":false},"excerpt":{"rendered":"<p>L&rsquo;Association \u00a0\u00bb LES VOILES DU CARBET \u00a0\u00bb est une organisation non gouvernementale dynamique, progressiste et moderne, \u00e0 but non lucratif, fond\u00e9e en Martinique. Notre association est n\u00e9e d&rsquo;une dynamique communautaire de voisins autour d&rsquo;une passion commune pour la mer, les c\u00f4tes, les plages, o\u00f9 nous vivons essentiellement notre quotidien en Martinique et dans les \u00eeles <a class=\"read-more\" href=\"https:\/\/lesvoilesducarbet.fr\/\">&hellip;&nbsp;<span class=\"meta-nav\">&rarr;<\/span><\/a><\/p>\n","protected":false},"author":1,"featured_media":0,"parent":0,"menu_order":0,"comment_status":"closed","ping_status":"closed","template":"","meta":{"footnotes":""},"class_list":["post-36","page","type-page","status-publish","hentry"],"_links":{"self":[{"href":"https:\/\/lesvoilesducarbet.fr\/index.php\/wp-json\/wp\/v2\/pages\/36","targetHints":{"allow":["GET"]}}],"collection":[{"href":"https:\/\/lesvoilesducarbet.fr\/index.php\/wp-json\/wp\/v2\/pages"}],"about":[{"href":"https:\/\/lesvoilesducarbet.fr\/index.php\/wp-json\/wp\/v2\/types\/page"}],"author":[{"embeddable":true,"href":"https:\/\/lesvoilesducarbet.fr\/index.php\/wp-json\/wp\/v2\/users\/1"}],"replies":[{"embeddable":true,"href":"https:\/\/lesvoilesducarbet.fr\/index.php\/wp-json\/wp\/v2\/comments?post=36"}],"version-history":[{"count":17,"href":"https:\/\/lesvoilesducarbet.fr\/index.php\/wp-json\/wp\/v2\/pages\/36\/revisions"}],"predecessor-version":[{"id":77,"href":"https:\/\/lesvoilesducarbet.fr\/index.php\/wp-json\/wp\/v2\/pages\/36\/revisions\/77"}],"wp:attachment":[{"href":"https:\/\/lesvoilesducarbet.fr\/index.php\/wp-json\/wp\/v2\/media?parent=36"}],"curies":[{"name":"wp","href":"https:\/\/api.w.org\/{rel}","templated":true}]}}